{"id":234,"date":"2024-11-21T15:49:02","date_gmt":"2024-11-21T15:49:02","guid":{"rendered":"https:\/\/berichte.natury.de\/?page_id=234"},"modified":"2024-11-21T15:49:02","modified_gmt":"2024-11-21T15:49:02","slug":"nl-%c2%b7-nackt-in-der-kunsthalle-rotterdam","status":"publish","type":"page","link":"https:\/\/natury.de\/berichte\/nl-%c2%b7-nackt-in-der-kunsthalle-rotterdam\/","title":{"rendered":"NL \u00b7 Nackt in der Kunsthalle Rotterdam"},"content":{"rendered":"\n<h3 class=\"wp-block-heading\">Zum achten Mal: Naked Tour in der Kunsthal Rotterdam [05.04.23]<\/h3>\n\n\n\n<div class=\"wp-block-columns is-layout-flex wp-container-core-columns-is-layout-28f84493 wp-block-columns-is-layout-flex\">\n<div class=\"wp-block-column is-layout-flow wp-block-column-is-layout-flow\">\n<p>Nach dem Erfolg der besonderen Abend\u00f6ffnungen ohne Kleidung in den Ausstellungen <br>\n\u25ba Robert Mapplethorpe, ein Perfektionist, 2017,  <br>\n\u25ba Hyperrealismus-Skulptur, 2018,  <br>\n\u25ba Joana Vansconcelos. I&#8217;m Your Mirror, 2019,  <br>\n\u25ba Extra Large, 2020,  <br>\n\u25ba We Are Animals, 2021,  <br>\n\u25ba Calder Now, 2022, <br>\n\u25ba Tim Walker: Wonderful Things, 2023, <br>\norganisierte die Kunsthal Rotterdam am 1. April 2023 zum achten Mal eine Naked Tour. Diesmal ging es durch die Ausstellung <br>\n\u25ba <b>Patricia Piccinini, Metamorphosis.<\/b><\/p>\n\n\n\n<p><span style=\"color: #009988;\">Metamorphosis ist die erste gro\u00dfe Einzelausstellung der australischen \nK\u00fcnstlerin in den Niederlanden.  So wiedererkennbar, so liebenswert und doch so seltsam! Begegnen Sie \nhyperrealistischen Skulpturen. Treffen Sie Hybriden zwischen Menschen \nund Tieren; pelzige, freundliche Kreaturen, die sich umarmen, und \nfaszinierende Wesen, die Sie noch nie zuvor gesehen haben &#8211; die Sie \naber wiederzuerkennen glauben. Lassen Sie sich von Piccininis \nsurrealistischer Fantasiewelt \u00fcberraschen. Sehen und erleben Sie alles \u2026 \nnackt!<\/span> &#8211; Quelle: Kunsthal Rotterdam, \u00fcbersetzt<\/p>\n\n\n\n<p><img decoding=\"async\" src=\"https:\/\/natury.de\/images\/berichte2023\/rotterdam\/2023-04-01-in-meta-204415.jpg\" alt=\"1(23) Naked Tour durch die Ausstellung Metamorphosis\">\n    <a href=\"https:\/\/natury.de\/images\/berichte2023\/rotterdam\/2023-04-01-in-meta-204428.jpg\" title=\"2(23) Ein merkw\u00fcrdiges Wesen scheint da oben zu schweben\"><\/a>\n    <a href=\"https:\/\/natury.de\/images\/berichte2023\/rotterdam\/2023-04-01-in-meta-205320.jpg\" title=\"3(23) Buntes Treiben um die Ausstellungs-Objekte\"><\/a>\n    <a href=\"https:\/\/natury.de\/images\/berichte2023\/rotterdam\/2023-04-01-in-meta-205351.jpg\" title=\"4(23) Es bilden sich kleine Diskussionsrunden\"><\/a>\n    <a href=\"https:\/\/natury.de\/images\/berichte2023\/rotterdam\/2023-04-01-in-meta-210529.jpg\" title=\"5(23) Auch kleine Skulpturen regen zum Nachdenken an\"><\/a><\/p>\n<\/div>\n\n\n\n<div class=\"wp-block-column is-layout-flow wp-block-column-is-layout-flow\">\n<p>Patricia Piccinini selbst sagt zur Motivation Ihres k\u00fcnstlerischen Schaffens: <span style=\"color: #009988;\">\u201eIch bin an Beziehungen interessiert. Die Beziehung zwischen dem K\u00fcnstlichen und dem Nat\u00fcrlichen. Zwischen dem Menschen und der Umwelt. Die Beziehung zwischen Wesen, innerhalb von Familien und zwischen Fremden. Im Laufe der Jahre habe ich mir eine Art alternative Welt aufgebaut. Sie besteht aus Momenten, Objekten und Bildern, die sich mit der realen Welt \u00fcberschneiden; in einer Welt, in der sich das Kulturelle und das Nat\u00fcrliche, das Technische und das Organische immer mehr vermischen. Die Wildnis ist mein Universum. Es ist ein Ort, an dem die Technologie so selbstverst\u00e4ndlich geworden ist, dass sie ein Eigenleben entwickelt.\u201c<\/span> &#8211; Quelle: Kunsthal Rotterdam, \u00fcbersetzt<\/p>\n\n\n\n<h3 class=\"wp-block-heading\">The Field<\/h3>\n\n\n\n<p><img decoding=\"async\" src=\"https:\/\/natury.de\/images\/berichte2023\/rotterdam\/2023-04-01-in-field-205919.jpg\" alt=\"6(23) In dem Feld mit hochst\u00e4ngeligen Phantasie-Pflanzen sind vereinzelt Skulpturen zu entdecken\">\n    <a href=\"https:\/\/natury.de\/images\/berichte2023\/rotterdam\/2023-04-01-in-field-210014.jpg\" title=\"7(23) Ist das eine Riesen-Zunge, nur an der falschen Stelle angewachsen?\"><\/a>\n    <a href=\"https:\/\/natury.de\/images\/berichte2023\/rotterdam\/2023-04-01-in-field-205629.jpg\" title=\"8(23) Vertraute Szene, doch einige Details wirken doch fremd: Die Kopfform, Behaarung, Finger- und Zehenn\u00e4gel,...\"><\/a>\n    <a href=\"https:\/\/natury.de\/images\/berichte2023\/rotterdam\/2023-04-01-in-field-205721.jpg\" title=\"9(23) Mutter mit zwei Kindern\"><\/a>\n    <a href=\"https:\/\/natury.de\/images\/berichte2023\/rotterdam\/2023-04-01-in-field-210410.jpg\" title=\"10(23) Akrobatische \u00dcbung\"><\/a>\n    <a href=\"https:\/\/natury.de\/images\/berichte2023\/rotterdam\/2023-04-01-in-field-210251.jpg\" title=\"11(23) Das Blumenfeld wird durchwandert\"><\/a><\/p>\n\n\n\n<p>Die K\u00fcnstlerin f\u00fcllt einen dunklen Raum mit metamorphen, vollst\u00e4ndig wei\u00dfgrauer Blumen \u2013 mit echten und erfundenen K\u00f6rperteilen verschiedener Arten als Bl\u00fctenbl\u00e4tter auf St\u00e4ngeln. Dazwischen ein Zelt, in dem ein Liebespaar liegt. Zuerst wirkt es wie gewohnt, bis die Krallen an den Fingern und Zehen auffallen. Die Blumen wirken fremd, vielleicht sogar befremdlich. Dazwischen sind seltsame, teils irgendwie menschlich, teils fremdartig und r\u00e4tselhaft wirkende Wesen zu finden. Dennoch sp\u00fcrt und erlebt der Betrachter eine ruhige, freundliche Atmosph\u00e4re.<\/p>\n<\/div>\n<\/div>\n\n\n\n<p><\/p>\n","protected":false},"excerpt":{"rendered":"<p>Zum achten Mal: Naked Tour in der Kunsthal Rotterdam [05.04.23] Nach dem Erfolg der besonderen Abend\u00f6ffnungen ohne Kleidung in den Ausstellungen \u25ba Robert Mapplethorpe, ein Perfektionist, 2017, \u25ba Hyperrealismus-Skulptur, 2018, \u25ba Joana Vansconcelos. I&#8217;m Your Mirror, 2019, \u25ba Extra Large, 2020, \u25ba We Are Animals, 2021, \u25ba Calder Now, 2022, \u25ba Tim Walker: Wonderful Things, [&hellip;]<\/p>\n","protected":false},"author":1,"featured_media":0,"parent":0,"menu_order":0,"comment_status":"closed","ping_status":"closed","template":"","meta":{"_FSMCFIC_featured_image_caption":"","_FSMCFIC_featured_image_nocaption":"","_FSMCFIC_featured_image_hide":"","footnotes":""},"class_list":["post-234","page","type-page","status-publish","hentry"],"a3_pvc":{"activated":false,"total_views":0,"today_views":0},"rttpg_featured_image_url":null,"rttpg_author":{"display_name":"helmut","author_link":"https:\/\/natury.de\/berichte\/author\/helmut\/"},"rttpg_comment":0,"rttpg_category":null,"rttpg_excerpt":"Zum achten Mal: Naked Tour in der Kunsthal Rotterdam [05.04.23] Nach dem Erfolg der besonderen Abend\u00f6ffnungen ohne Kleidung in den Ausstellungen \u25ba Robert Mapplethorpe, ein Perfektionist, 2017, \u25ba Hyperrealismus-Skulptur, 2018, \u25ba Joana Vansconcelos. I&#8217;m Your Mirror, 2019, \u25ba Extra Large, 2020, \u25ba We Are Animals, 2021, \u25ba Calder Now, 2022, \u25ba Tim Walker: Wonderful Things,&hellip;","_links":{"self":[{"href":"https:\/\/natury.de\/berichte\/wp-json\/wp\/v2\/pages\/234","targetHints":{"allow":["GET"]}}],"collection":[{"href":"https:\/\/natury.de\/berichte\/wp-json\/wp\/v2\/pages"}],"about":[{"href":"https:\/\/natury.de\/berichte\/wp-json\/wp\/v2\/types\/page"}],"author":[{"embeddable":true,"href":"https:\/\/natury.de\/berichte\/wp-json\/wp\/v2\/users\/1"}],"replies":[{"embeddable":true,"href":"https:\/\/natury.de\/berichte\/wp-json\/wp\/v2\/comments?post=234"}],"version-history":[{"count":0,"href":"https:\/\/natury.de\/berichte\/wp-json\/wp\/v2\/pages\/234\/revisions"}],"wp:attachment":[{"href":"https:\/\/natury.de\/berichte\/wp-json\/wp\/v2\/media?parent=234"}],"curies":[{"name":"wp","href":"https:\/\/api.w.org\/{rel}","templated":true}]}}